{"id":6,"date":"2025-10-01T09:57:40","date_gmt":"2025-10-01T09:57:40","guid":{"rendered":"https:\/\/picarorobertoalguacil.rkinformatika.online\/?page_id=6"},"modified":"2025-10-01T12:52:02","modified_gmt":"2025-10-01T12:52:02","slug":"servicios","status":"publish","type":"page","link":"https:\/\/picarorobertoalguacil.com\/en\/servicios\/","title":{"rendered":"Services"},"content":{"rendered":"<div data-elementor-type=\"wp-page\" data-elementor-id=\"6\" class=\"elementor elementor-6\" data-elementor-post-type=\"page\">\n\t\t\t\t\t\t<section class=\"elementor-section elementor-top-section elementor-element elementor-element-1d9b761 elementor-section-boxed elementor-section-height-default elementor-section-height-default\" data-id=\"1d9b761\" data-element_type=\"section\" data-e-type=\"section\" data-settings=\"{&quot;background_background&quot;:&quot;classic&quot;}\">\n\t\t\t\t\t\t<div class=\"elementor-container elementor-column-gap-default\">\n\t\t\t\t\t<div class=\"elementor-column elementor-col-100 elementor-top-column elementor-element elementor-element-6dd3c66\" data-id=\"6dd3c66\" data-element_type=\"column\" data-e-type=\"column\">\n\t\t\t<div class=\"elementor-widget-wrap\">\n\t\t\t\t\t\t\t<\/div>\n\t\t<\/div>\n\t\t\t\t\t<\/div>\n\t\t<\/section>\n\t\t<div class=\"elementor-element elementor-element-c305f86 e-flex e-con-boxed elementor-invisible e-con e-parent\" data-id=\"c305f86\" data-element_type=\"container\" data-e-type=\"container\" data-settings=\"{&quot;background_background&quot;:&quot;classic&quot;,&quot;animation&quot;:&quot;fadeInRight&quot;}\">\n\t\t\t\t\t<div class=\"e-con-inner\">\n\t\t<div class=\"elementor-element elementor-element-b6fd821 e-con-full e-flex e-con e-child\" data-id=\"b6fd821\" data-element_type=\"container\" data-e-type=\"container\">\n\t\t\t\t<div class=\"elementor-element elementor-element-8b8e95f elementor-widget elementor-widget-spacer\" data-id=\"8b8e95f\" data-element_type=\"widget\" data-e-type=\"widget\" data-widget_type=\"spacer.default\">\n\t\t\t\t\t\t\t<div class=\"elementor-spacer\">\n\t\t\t<div class=\"elementor-spacer-inner\"><\/div>\n\t\t<\/div>\n\t\t\t\t\t\t<\/div>\n\t\t\t\t<div class=\"elementor-element elementor-element-bcfb0d0 elementor-widget__width-initial elementor-absolute elementor-widget elementor-widget-image\" data-id=\"bcfb0d0\" data-element_type=\"widget\" data-e-type=\"widget\" data-settings=\"{&quot;_position&quot;:&quot;absolute&quot;}\" data-widget_type=\"image.default\">\n\t\t\t\t\t\t\t\t\t\t\t\t\t\t\t<img decoding=\"async\" width=\"203\" height=\"149\" src=\"https:\/\/picarorobertoalguacil.com\/wp-content\/uploads\/2025\/10\/toro.jpeg\" class=\"attachment-medium size-medium wp-image-242\" alt=\"\" srcset=\"https:\/\/picarorobertoalguacil.com\/wp-content\/uploads\/2025\/10\/toro.jpeg 203w, https:\/\/picarorobertoalguacil.com\/wp-content\/uploads\/2025\/10\/toro-16x12.jpeg 16w\" sizes=\"(max-width: 203px) 100vw, 203px\" \/>\t\t\t\t\t\t\t\t\t\t\t\t\t\t\t<\/div>\n\t\t\t\t<div class=\"elementor-element elementor-element-8417e96 elementor-widget elementor-widget-heading\" data-id=\"8417e96\" data-element_type=\"widget\" data-e-type=\"widget\" data-widget_type=\"heading.default\">\n\t\t\t\t\t<h2 class=\"elementor-heading-title elementor-size-default\">Nuestros Servicios<\/h2>\t\t\t\t<\/div>\n\t\t\t\t<div class=\"elementor-element elementor-element-de2e67c elementor-widget elementor-widget-heading\" data-id=\"de2e67c\" data-element_type=\"widget\" data-e-type=\"widget\" data-widget_type=\"heading.default\">\n\t\t\t\t\t<h2 class=\"elementor-heading-title elementor-size-default\">Ofrecemos ricos bocadillos<\/h2>\t\t\t\t<\/div>\n\t\t\t\t<div class=\"elementor-element elementor-element-1c6d7a8 elementor-widget elementor-widget-text-editor\" data-id=\"1c6d7a8\" data-element_type=\"widget\" data-e-type=\"widget\" data-widget_type=\"text-editor.default\">\n\t\t\t\t\t\t\t\t\t<p>Te ofrecemos una amplia variedad de ib\u00e9ricos, as\u00ed como caf\u00e9s de diferentes tipos, combinados refrescantes y deliciosos pintxos para satisfacer todos tus antojos.<\/p>\t\t\t\t\t\t\t\t<\/div>\n\t\t\t\t<\/div>\n\t\t<div class=\"elementor-element elementor-element-d1bc0c2 e-con-full e-flex e-con e-child\" data-id=\"d1bc0c2\" data-element_type=\"container\" data-e-type=\"container\">\n\t\t\t\t<div class=\"elementor-element elementor-element-6419255 elementor--h-position-center elementor--v-position-middle elementor-arrows-position-inside elementor-pagination-position-inside elementor-widget elementor-widget-slides\" data-id=\"6419255\" data-element_type=\"widget\" data-e-type=\"widget\" data-settings=\"{&quot;navigation&quot;:&quot;both&quot;,&quot;autoplay&quot;:&quot;yes&quot;,&quot;pause_on_hover&quot;:&quot;yes&quot;,&quot;pause_on_interaction&quot;:&quot;yes&quot;,&quot;autoplay_speed&quot;:5000,&quot;infinite&quot;:&quot;yes&quot;,&quot;transition&quot;:&quot;slide&quot;,&quot;transition_speed&quot;:500}\" data-widget_type=\"slides.default\">\n\t\t\t\t\t\t\t\t\t\t<div class=\"elementor-slides-wrapper elementor-main-swiper swiper\" role=\"region\" aria-roledescription=\"carousel\" aria-label=\"Slides\" dir=\"ltr\" data-animation=\"fadeInUp\">\n\t\t\t\t<div class=\"swiper-wrapper elementor-slides\">\n\t\t\t\t\t\t\t\t\t\t<div class=\"elementor-repeater-item-9afe164 swiper-slide\" role=\"group\" aria-roledescription=\"slide\"><div class=\"swiper-slide-bg\" role=\"img\" aria-label=\"5804\"><\/div><div class=\"swiper-slide-inner\" ><div class=\"swiper-slide-contents\"><\/div><\/div><\/div><div class=\"elementor-repeater-item-4ecd939 swiper-slide\" role=\"group\" aria-roledescription=\"slide\"><div class=\"swiper-slide-bg\" role=\"img\" aria-label=\"2148255054.jpg\"><\/div><div class=\"swiper-slide-inner\" ><div class=\"swiper-slide-contents\"><\/div><\/div><\/div><div class=\"elementor-repeater-item-bac0b7c swiper-slide\" role=\"group\" aria-roledescription=\"slide\"><div class=\"swiper-slide-bg\" role=\"img\" aria-label=\"2856.jpg\"><\/div><div class=\"swiper-slide-inner\" ><div class=\"swiper-slide-contents\"><\/div><\/div><\/div>\t\t\t\t<\/div>\n\t\t\t\t\t\t\t\t\t\t\t\t\t\t\t<div class=\"elementor-swiper-button elementor-swiper-button-prev\" role=\"button\" tabindex=\"0\" aria-label=\"Diapositiva anterior\">\n\t\t\t\t\t\t\t<svg aria-hidden=\"true\" class=\"e-font-icon-svg e-eicon-chevron-left\" viewbox=\"0 0 1000 1000\" xmlns=\"http:\/\/www.w3.org\/2000\/svg\"><path d=\"M646 125C629 125 613 133 604 142L308 442C296 454 292 471 292 487 292 504 296 521 308 533L604 854C617 867 629 875 646 875 663 875 679 871 692 858 704 846 713 829 713 812 713 796 708 779 692 767L438 487 692 225C700 217 708 204 708 187 708 171 704 154 692 142 675 129 663 125 646 125Z\"><\/path><\/svg>\t\t\t\t\t\t<\/div>\n\t\t\t\t\t\t<div class=\"elementor-swiper-button elementor-swiper-button-next\" role=\"button\" tabindex=\"0\" aria-label=\"Diapositiva siguiente\">\n\t\t\t\t\t\t\t<svg aria-hidden=\"true\" class=\"e-font-icon-svg e-eicon-chevron-right\" viewbox=\"0 0 1000 1000\" xmlns=\"http:\/\/www.w3.org\/2000\/svg\"><path d=\"M696 533C708 521 713 504 713 487 713 471 708 454 696 446L400 146C388 133 375 125 354 125 338 125 325 129 313 142 300 154 292 171 292 187 292 204 296 221 308 233L563 492 304 771C292 783 288 800 288 817 288 833 296 850 308 863 321 871 338 875 354 875 371 875 388 867 400 854L696 533Z\"><\/path><\/svg>\t\t\t\t\t\t<\/div>\n\t\t\t\t\t\t\t\t\t\t\t\t\t\t\t\t<div class=\"swiper-pagination\"><\/div>\n\t\t\t\t\t\t\t\t\t\t\t\t<\/div>\n\t\t\t\t\t\t\t\t<\/div>\n\t\t\t\t<\/div>\n\t\t\t\t\t<\/div>\n\t\t\t\t<\/div>\n\t\t<div class=\"elementor-element elementor-element-68f5090 e-flex e-con-boxed e-con e-parent\" data-id=\"68f5090\" data-element_type=\"container\" data-e-type=\"container\" data-settings=\"{&quot;background_background&quot;:&quot;classic&quot;}\">\n\t\t\t\t\t<div class=\"e-con-inner\">\n\t\t\t\t<div class=\"elementor-element elementor-element-5d62aeb elementor-widget elementor-widget-heading\" data-id=\"5d62aeb\" data-element_type=\"widget\" data-e-type=\"widget\" data-widget_type=\"heading.default\">\n\t\t\t\t\t<h2 class=\"elementor-heading-title elementor-size-default\">\u00a1Cervezas bien fr\u00edas y gran ambiente!<\/h2>\t\t\t\t<\/div>\n\t\t\t\t<div class=\"elementor-element elementor-element-4cd36ef elementor-tablet-align-left elementor-invisible elementor-widget elementor-widget-button\" data-id=\"4cd36ef\" data-element_type=\"widget\" data-e-type=\"widget\" data-settings=\"{&quot;_animation&quot;:&quot;fadeInLeft&quot;}\" data-widget_type=\"button.default\">\n\t\t\t\t\t\t\t\t\t\t<a class=\"elementor-button elementor-button-link elementor-size-sm elementor-animation-pop\" href=\"\/en\/contacto\/\">\n\t\t\t\t\t\t<span class=\"elementor-button-content-wrapper\">\n\t\t\t\t\t\t\t\t\t<span class=\"elementor-button-text\">Cont\u00e1ctanos<\/span>\n\t\t\t\t\t<\/span>\n\t\t\t\t\t<\/a>\n\t\t\t\t\t\t\t\t<\/div>\n\t\t\t\t\t<\/div>\n\t\t\t\t<\/div>\n\t\t<div class=\"elementor-element elementor-element-282a847 e-flex e-con-boxed elementor-invisible e-con e-parent\" data-id=\"282a847\" data-element_type=\"container\" data-e-type=\"container\" data-settings=\"{&quot;background_background&quot;:&quot;classic&quot;,&quot;animation&quot;:&quot;fadeInRight&quot;}\">\n\t\t\t\t\t<div class=\"e-con-inner\">\n\t\t<div class=\"elementor-element elementor-element-d8d5ade e-con-full e-flex e-con e-child\" data-id=\"d8d5ade\" data-element_type=\"container\" data-e-type=\"container\">\n\t\t\t\t<div class=\"elementor-element elementor-element-74eafb0 elementor-widget elementor-widget-spacer\" data-id=\"74eafb0\" data-element_type=\"widget\" data-e-type=\"widget\" data-widget_type=\"spacer.default\">\n\t\t\t\t\t\t\t<div class=\"elementor-spacer\">\n\t\t\t<div class=\"elementor-spacer-inner\"><\/div>\n\t\t<\/div>\n\t\t\t\t\t\t<\/div>\n\t\t\t\t<div class=\"elementor-element elementor-element-845f005 elementor-widget__width-initial elementor-absolute elementor-widget elementor-widget-image\" data-id=\"845f005\" data-element_type=\"widget\" data-e-type=\"widget\" data-settings=\"{&quot;_position&quot;:&quot;absolute&quot;}\" data-widget_type=\"image.default\">\n\t\t\t\t\t\t\t\t\t\t\t\t\t\t\t<img decoding=\"async\" width=\"203\" height=\"149\" src=\"https:\/\/picarorobertoalguacil.com\/wp-content\/uploads\/2025\/10\/toro.jpeg\" class=\"attachment-medium size-medium wp-image-242\" alt=\"\" srcset=\"https:\/\/picarorobertoalguacil.com\/wp-content\/uploads\/2025\/10\/toro.jpeg 203w, https:\/\/picarorobertoalguacil.com\/wp-content\/uploads\/2025\/10\/toro-16x12.jpeg 16w\" sizes=\"(max-width: 203px) 100vw, 203px\" \/>\t\t\t\t\t\t\t\t\t\t\t\t\t\t\t<\/div>\n\t\t\t\t<div class=\"elementor-element elementor-element-31f6c18 elementor-widget elementor-widget-heading\" data-id=\"31f6c18\" data-element_type=\"widget\" data-e-type=\"widget\" data-widget_type=\"heading.default\">\n\t\t\t\t\t<h2 class=\"elementor-heading-title elementor-size-default\">Nuestros Servicios<\/h2>\t\t\t\t<\/div>\n\t\t\t\t<div class=\"elementor-element elementor-element-7e08839 elementor-widget elementor-widget-heading\" data-id=\"7e08839\" data-element_type=\"widget\" data-e-type=\"widget\" data-widget_type=\"heading.default\">\n\t\t\t\t\t<h2 class=\"elementor-heading-title elementor-size-default\">Variedad de cervezas y combinados<\/h2>\t\t\t\t<\/div>\n\t\t\t\t<div class=\"elementor-element elementor-element-3cba12e elementor-tablet-align-left elementor-invisible elementor-widget elementor-widget-button\" data-id=\"3cba12e\" data-element_type=\"widget\" data-e-type=\"widget\" data-settings=\"{&quot;_animation&quot;:&quot;fadeInLeft&quot;}\" data-widget_type=\"button.default\">\n\t\t\t\t\t\t\t\t\t\t<a class=\"elementor-button elementor-button-link elementor-size-sm elementor-animation-pop\" href=\"\/en\/contacto\/\">\n\t\t\t\t\t\t<span class=\"elementor-button-content-wrapper\">\n\t\t\t\t\t\t\t\t\t<span class=\"elementor-button-text\">Cont\u00e1ctanos<\/span>\n\t\t\t\t\t<\/span>\n\t\t\t\t\t<\/a>\n\t\t\t\t\t\t\t\t<\/div>\n\t\t\t\t<\/div>\n\t\t<div class=\"elementor-element elementor-element-4fa9141 e-con-full e-flex e-con e-child\" data-id=\"4fa9141\" data-element_type=\"container\" data-e-type=\"container\">\n\t\t\t\t<div class=\"elementor-element elementor-element-cfa4977 elementor--h-position-center elementor--v-position-middle elementor-arrows-position-inside elementor-pagination-position-inside elementor-widget elementor-widget-slides\" data-id=\"cfa4977\" data-element_type=\"widget\" data-e-type=\"widget\" data-settings=\"{&quot;navigation&quot;:&quot;both&quot;,&quot;autoplay&quot;:&quot;yes&quot;,&quot;pause_on_hover&quot;:&quot;yes&quot;,&quot;pause_on_interaction&quot;:&quot;yes&quot;,&quot;autoplay_speed&quot;:5000,&quot;infinite&quot;:&quot;yes&quot;,&quot;transition&quot;:&quot;slide&quot;,&quot;transition_speed&quot;:500}\" data-widget_type=\"slides.default\">\n\t\t\t\t\t\t\t\t\t\t<div class=\"elementor-slides-wrapper elementor-main-swiper swiper\" role=\"region\" aria-roledescription=\"carousel\" aria-label=\"Slides\" dir=\"ltr\" data-animation=\"fadeInUp\">\n\t\t\t\t<div class=\"swiper-wrapper elementor-slides\">\n\t\t\t\t\t\t\t\t\t\t<div class=\"elementor-repeater-item-9afe164 swiper-slide\" role=\"group\" aria-roledescription=\"slide\"><div class=\"swiper-slide-bg\" role=\"img\" aria-label=\"111387.jpg\"><\/div><div class=\"swiper-slide-inner\" ><div class=\"swiper-slide-contents\"><\/div><\/div><\/div><div class=\"elementor-repeater-item-4ecd939 swiper-slide\" role=\"group\" aria-roledescription=\"slide\"><div class=\"swiper-slide-bg\" role=\"img\" aria-label=\"18416\"><\/div><div class=\"swiper-slide-inner\" ><div class=\"swiper-slide-contents\"><\/div><\/div><\/div><div class=\"elementor-repeater-item-bac0b7c swiper-slide\" role=\"group\" aria-roledescription=\"slide\"><div class=\"swiper-slide-bg\" role=\"img\" aria-label=\"2148439456\"><\/div><div class=\"swiper-slide-inner\" ><div class=\"swiper-slide-contents\"><\/div><\/div><\/div>\t\t\t\t<\/div>\n\t\t\t\t\t\t\t\t\t\t\t\t\t\t\t<div class=\"elementor-swiper-button elementor-swiper-button-prev\" role=\"button\" tabindex=\"0\" aria-label=\"Diapositiva anterior\">\n\t\t\t\t\t\t\t<svg aria-hidden=\"true\" class=\"e-font-icon-svg e-eicon-chevron-left\" viewbox=\"0 0 1000 1000\" xmlns=\"http:\/\/www.w3.org\/2000\/svg\"><path d=\"M646 125C629 125 613 133 604 142L308 442C296 454 292 471 292 487 292 504 296 521 308 533L604 854C617 867 629 875 646 875 663 875 679 871 692 858 704 846 713 829 713 812 713 796 708 779 692 767L438 487 692 225C700 217 708 204 708 187 708 171 704 154 692 142 675 129 663 125 646 125Z\"><\/path><\/svg>\t\t\t\t\t\t<\/div>\n\t\t\t\t\t\t<div class=\"elementor-swiper-button elementor-swiper-button-next\" role=\"button\" tabindex=\"0\" aria-label=\"Diapositiva siguiente\">\n\t\t\t\t\t\t\t<svg aria-hidden=\"true\" class=\"e-font-icon-svg e-eicon-chevron-right\" viewbox=\"0 0 1000 1000\" xmlns=\"http:\/\/www.w3.org\/2000\/svg\"><path d=\"M696 533C708 521 713 504 713 487 713 471 708 454 696 446L400 146C388 133 375 125 354 125 338 125 325 129 313 142 300 154 292 171 292 187 292 204 296 221 308 233L563 492 304 771C292 783 288 800 288 817 288 833 296 850 308 863 321 871 338 875 354 875 371 875 388 867 400 854L696 533Z\"><\/path><\/svg>\t\t\t\t\t\t<\/div>\n\t\t\t\t\t\t\t\t\t\t\t\t\t\t\t\t<div class=\"swiper-pagination\"><\/div>\n\t\t\t\t\t\t\t\t\t\t\t\t<\/div>\n\t\t\t\t\t\t\t\t<\/div>\n\t\t\t\t<\/div>\n\t\t\t\t\t<\/div>\n\t\t\t\t<\/div>\n\t\t\t\t<\/div>","protected":false},"excerpt":{"rendered":"<p>Nuestros Servicios Ofrecemos ricos bocadillos Te ofrecemos una amplia variedad de ib\u00e9ricos, as\u00ed como caf\u00e9s de diferentes tipos, combinados refrescantes y deliciosos pintxos para satisfacer todos tus antojos. \u00a1Cervezas bien fr\u00edas y gran ambiente! Cont\u00e1ctanos Nuestros Servicios Variedad de cervezas y combinados Cont\u00e1ctanos<\/p>","protected":false},"author":1,"featured_media":0,"parent":0,"menu_order":0,"comment_status":"closed","ping_status":"closed","template":"elementor_canvas","meta":{"footnotes":""},"class_list":["post-6","page","type-page","status-publish","hentry"],"yoast_head":"<!-- This site is optimized with the Yoast SEO plugin v27.3 - https:\/\/yoast.com\/product\/yoast-seo-wordpress\/ -->\n<title>Servicios - Caf\u00e9 - Bar P\u00edcaro<\/title>\n<meta name=\"robots\" content=\"index, follow, max-snippet:-1, max-image-preview:large, max-video-preview:-1\" \/>\n<link rel=\"canonical\" href=\"https:\/\/picarorobertoalguacil.com\/en\/servicios\/\" \/>\n<meta property=\"og:locale\" content=\"en_US\" \/>\n<meta property=\"og:type\" content=\"article\" \/>\n<meta property=\"og:title\" content=\"Servicios - Caf\u00e9 - Bar P\u00edcaro\" \/>\n<meta property=\"og:description\" content=\"Nuestros Servicios Ofrecemos ricos bocadillos Te ofrecemos una amplia variedad de ib\u00e9ricos, as\u00ed como caf\u00e9s de diferentes tipos, combinados refrescantes y deliciosos pintxos para satisfacer todos tus antojos. \u00a1Cervezas bien fr\u00edas y gran ambiente! Cont\u00e1ctanos Nuestros Servicios Variedad de cervezas y combinados Cont\u00e1ctanos\" \/>\n<meta property=\"og:url\" content=\"https:\/\/picarorobertoalguacil.com\/en\/servicios\/\" \/>\n<meta property=\"og:site_name\" content=\"Caf\u00e9 - Bar P\u00edcaro\" \/>\n<meta property=\"article:modified_time\" content=\"2025-10-01T12:52:02+00:00\" \/>\n<meta property=\"og:image\" content=\"https:\/\/picarorobertoalguacil.com\/wp-content\/uploads\/2025\/10\/toro.jpeg\" \/>\n<meta name=\"twitter:card\" content=\"summary_large_image\" \/>\n<meta name=\"twitter:label1\" content=\"Est. reading time\" \/>\n\t<meta name=\"twitter:data1\" content=\"1 minute\" \/>\n<script type=\"application\/ld+json\" class=\"yoast-schema-graph\">{\"@context\":\"https:\\\/\\\/schema.org\",\"@graph\":[{\"@type\":\"WebPage\",\"@id\":\"https:\\\/\\\/picarorobertoalguacil.com\\\/servicios\\\/\",\"url\":\"https:\\\/\\\/picarorobertoalguacil.com\\\/servicios\\\/\",\"name\":\"Servicios - Caf\u00e9 - Bar P\u00edcaro\",\"isPartOf\":{\"@id\":\"https:\\\/\\\/picarorobertoalguacil.com\\\/#website\"},\"primaryImageOfPage\":{\"@id\":\"https:\\\/\\\/picarorobertoalguacil.com\\\/servicios\\\/#primaryimage\"},\"image\":{\"@id\":\"https:\\\/\\\/picarorobertoalguacil.com\\\/servicios\\\/#primaryimage\"},\"thumbnailUrl\":\"https:\\\/\\\/picarorobertoalguacil.com\\\/wp-content\\\/uploads\\\/2025\\\/10\\\/toro.jpeg\",\"datePublished\":\"2025-10-01T09:57:40+00:00\",\"dateModified\":\"2025-10-01T12:52:02+00:00\",\"breadcrumb\":{\"@id\":\"https:\\\/\\\/picarorobertoalguacil.com\\\/servicios\\\/#breadcrumb\"},\"inLanguage\":\"en-US\",\"potentialAction\":[{\"@type\":\"ReadAction\",\"target\":[\"https:\\\/\\\/picarorobertoalguacil.com\\\/servicios\\\/\"]}]},{\"@type\":\"ImageObject\",\"inLanguage\":\"en-US\",\"@id\":\"https:\\\/\\\/picarorobertoalguacil.com\\\/servicios\\\/#primaryimage\",\"url\":\"https:\\\/\\\/picarorobertoalguacil.com\\\/wp-content\\\/uploads\\\/2025\\\/10\\\/toro.jpeg\",\"contentUrl\":\"https:\\\/\\\/picarorobertoalguacil.com\\\/wp-content\\\/uploads\\\/2025\\\/10\\\/toro.jpeg\"},{\"@type\":\"BreadcrumbList\",\"@id\":\"https:\\\/\\\/picarorobertoalguacil.com\\\/servicios\\\/#breadcrumb\",\"itemListElement\":[{\"@type\":\"ListItem\",\"position\":1,\"name\":\"Portada\",\"item\":\"https:\\\/\\\/picarorobertoalguacil.com\\\/\"},{\"@type\":\"ListItem\",\"position\":2,\"name\":\"Servicios\"}]},{\"@type\":\"WebSite\",\"@id\":\"https:\\\/\\\/picarorobertoalguacil.com\\\/#website\",\"url\":\"https:\\\/\\\/picarorobertoalguacil.com\\\/\",\"name\":\"Caf\u00e9 - Bar P\u00edcaro\",\"description\":\"Caf\u00e9 - Bar P\u00edcaro\",\"publisher\":{\"@id\":\"https:\\\/\\\/picarorobertoalguacil.com\\\/#organization\"},\"potentialAction\":[{\"@type\":\"SearchAction\",\"target\":{\"@type\":\"EntryPoint\",\"urlTemplate\":\"https:\\\/\\\/picarorobertoalguacil.com\\\/?s={search_term_string}\"},\"query-input\":{\"@type\":\"PropertyValueSpecification\",\"valueRequired\":true,\"valueName\":\"search_term_string\"}}],\"inLanguage\":\"en-US\"},{\"@type\":\"Organization\",\"@id\":\"https:\\\/\\\/picarorobertoalguacil.com\\\/#organization\",\"name\":\"Caf\u00e9 - Bar P\u00edcaro\",\"url\":\"https:\\\/\\\/picarorobertoalguacil.com\\\/\",\"logo\":{\"@type\":\"ImageObject\",\"inLanguage\":\"en-US\",\"@id\":\"https:\\\/\\\/picarorobertoalguacil.com\\\/#\\\/schema\\\/logo\\\/image\\\/\",\"url\":\"https:\\\/\\\/picarorobertoalguacil.com\\\/wp-content\\\/uploads\\\/2025\\\/10\\\/cropped-logo-removebg-preview.png\",\"contentUrl\":\"https:\\\/\\\/picarorobertoalguacil.com\\\/wp-content\\\/uploads\\\/2025\\\/10\\\/cropped-logo-removebg-preview.png\",\"width\":500,\"height\":425,\"caption\":\"Caf\u00e9 - Bar P\u00edcaro\"},\"image\":{\"@id\":\"https:\\\/\\\/picarorobertoalguacil.com\\\/#\\\/schema\\\/logo\\\/image\\\/\"}}]}<\/script>\n<!-- \/ Yoast SEO plugin. -->","yoast_head_json":{"title":"Servicios - Caf\u00e9 - Bar P\u00edcaro","robots":{"index":"index","follow":"follow","max-snippet":"max-snippet:-1","max-image-preview":"max-image-preview:large","max-video-preview":"max-video-preview:-1"},"canonical":"https:\/\/picarorobertoalguacil.com\/en\/servicios\/","og_locale":"en_US","og_type":"article","og_title":"Servicios - Caf\u00e9 - Bar P\u00edcaro","og_description":"Nuestros Servicios Ofrecemos ricos bocadillos Te ofrecemos una amplia variedad de ib\u00e9ricos, as\u00ed como caf\u00e9s de diferentes tipos, combinados refrescantes y deliciosos pintxos para satisfacer todos tus antojos. \u00a1Cervezas bien fr\u00edas y gran ambiente! Cont\u00e1ctanos Nuestros Servicios Variedad de cervezas y combinados Cont\u00e1ctanos","og_url":"https:\/\/picarorobertoalguacil.com\/en\/servicios\/","og_site_name":"Caf\u00e9 - Bar P\u00edcaro","article_modified_time":"2025-10-01T12:52:02+00:00","og_image":[{"url":"https:\/\/picarorobertoalguacil.com\/wp-content\/uploads\/2025\/10\/toro.jpeg","type":"","width":"","height":""}],"twitter_card":"summary_large_image","twitter_misc":{"Est. reading time":"1 minute"},"schema":{"@context":"https:\/\/schema.org","@graph":[{"@type":"WebPage","@id":"https:\/\/picarorobertoalguacil.com\/servicios\/","url":"https:\/\/picarorobertoalguacil.com\/servicios\/","name":"Servicios - Caf\u00e9 - Bar P\u00edcaro","isPartOf":{"@id":"https:\/\/picarorobertoalguacil.com\/#website"},"primaryImageOfPage":{"@id":"https:\/\/picarorobertoalguacil.com\/servicios\/#primaryimage"},"image":{"@id":"https:\/\/picarorobertoalguacil.com\/servicios\/#primaryimage"},"thumbnailUrl":"https:\/\/picarorobertoalguacil.com\/wp-content\/uploads\/2025\/10\/toro.jpeg","datePublished":"2025-10-01T09:57:40+00:00","dateModified":"2025-10-01T12:52:02+00:00","breadcrumb":{"@id":"https:\/\/picarorobertoalguacil.com\/servicios\/#breadcrumb"},"inLanguage":"en-US","potentialAction":[{"@type":"ReadAction","target":["https:\/\/picarorobertoalguacil.com\/servicios\/"]}]},{"@type":"ImageObject","inLanguage":"en-US","@id":"https:\/\/picarorobertoalguacil.com\/servicios\/#primaryimage","url":"https:\/\/picarorobertoalguacil.com\/wp-content\/uploads\/2025\/10\/toro.jpeg","contentUrl":"https:\/\/picarorobertoalguacil.com\/wp-content\/uploads\/2025\/10\/toro.jpeg"},{"@type":"BreadcrumbList","@id":"https:\/\/picarorobertoalguacil.com\/servicios\/#breadcrumb","itemListElement":[{"@type":"ListItem","position":1,"name":"Portada","item":"https:\/\/picarorobertoalguacil.com\/"},{"@type":"ListItem","position":2,"name":"Servicios"}]},{"@type":"WebSite","@id":"https:\/\/picarorobertoalguacil.com\/#website","url":"https:\/\/picarorobertoalguacil.com\/","name":"Caf\u00e9 - Bar P\u00edcaro","description":"Caf\u00e9 - Bar P\u00edcaro","publisher":{"@id":"https:\/\/picarorobertoalguacil.com\/#organization"},"potentialAction":[{"@type":"SearchAction","target":{"@type":"EntryPoint","urlTemplate":"https:\/\/picarorobertoalguacil.com\/?s={search_term_string}"},"query-input":{"@type":"PropertyValueSpecification","valueRequired":true,"valueName":"search_term_string"}}],"inLanguage":"en-US"},{"@type":"Organization","@id":"https:\/\/picarorobertoalguacil.com\/#organization","name":"Caf\u00e9 - Bar P\u00edcaro","url":"https:\/\/picarorobertoalguacil.com\/","logo":{"@type":"ImageObject","inLanguage":"en-US","@id":"https:\/\/picarorobertoalguacil.com\/#\/schema\/logo\/image\/","url":"https:\/\/picarorobertoalguacil.com\/wp-content\/uploads\/2025\/10\/cropped-logo-removebg-preview.png","contentUrl":"https:\/\/picarorobertoalguacil.com\/wp-content\/uploads\/2025\/10\/cropped-logo-removebg-preview.png","width":500,"height":425,"caption":"Caf\u00e9 - Bar P\u00edcaro"},"image":{"@id":"https:\/\/picarorobertoalguacil.com\/#\/schema\/logo\/image\/"}}]}},"_links":{"self":[{"href":"https:\/\/picarorobertoalguacil.com\/en\/wp-json\/wp\/v2\/pages\/6","targetHints":{"allow":["GET"]}}],"collection":[{"href":"https:\/\/picarorobertoalguacil.com\/en\/wp-json\/wp\/v2\/pages"}],"about":[{"href":"https:\/\/picarorobertoalguacil.com\/en\/wp-json\/wp\/v2\/types\/page"}],"author":[{"embeddable":true,"href":"https:\/\/picarorobertoalguacil.com\/en\/wp-json\/wp\/v2\/users\/1"}],"replies":[{"embeddable":true,"href":"https:\/\/picarorobertoalguacil.com\/en\/wp-json\/wp\/v2\/comments?post=6"}],"version-history":[{"count":40,"href":"https:\/\/picarorobertoalguacil.com\/en\/wp-json\/wp\/v2\/pages\/6\/revisions"}],"predecessor-version":[{"id":337,"href":"https:\/\/picarorobertoalguacil.com\/en\/wp-json\/wp\/v2\/pages\/6\/revisions\/337"}],"wp:attachment":[{"href":"https:\/\/picarorobertoalguacil.com\/en\/wp-json\/wp\/v2\/media?parent=6"}],"curies":[{"name":"wp","href":"https:\/\/api.w.org\/{rel}","templated":true}]}}